{"id":36897,"date":"2023-06-28T09:47:34","date_gmt":"2023-06-28T09:47:34","guid":{"rendered":"https:\/\/www.jovagro.pt\/?post_type=product&#038;p=36897"},"modified":"2025-04-08T11:57:40","modified_gmt":"2025-04-08T11:57:40","slug":"rodex-trigo","status":"publish","type":"product","link":"https:\/\/manonunes.pt\/en\/shop\/biocidas\/raticidas-domesticos\/rodex-trigo\/","title":{"rendered":"Rodex\u00ae"},"content":{"rendered":"<style type=\"text\/css\"> \n#cmsms_row_69e01132e828a .cmsms_row_outer_parent { \n\tpadding-top: 0px; \n} \n\n#cmsms_row_69e01132e828a .cmsms_row_outer_parent { \n\tpadding-bottom: 50px; \n} \n\n<\/style><div id=\"cmsms_row_69e01132e828a\" class=\"cmsms_row cmsms_color_scheme_default\">\n<div class=\"cmsms_row_outer_parent\">\n<div class=\"cmsms_row_outer\">\n<div class=\"cmsms_row_inner\">\n<div class=\"cmsms_row_margin\">\n<div class=\"cmsms_column one_first\">\n<div class=\"custom_html\">\n<table class=\"woocommerce-product-attributes shop_attributes\">\n<tbody>\n<tr class=\"woocommerce-product-attributes-item woocommerce-product-attributes-item--attribute_pa_aplicacao\">\n<th class=\"woocommerce-product-attributes-item__label\">Bromadiolona<\/th>\n<td class=\"woocommerce-product-attributes-item__value\">25ppm<\/td>\n<\/tr>\n<\/tbody>\n<\/table>\n<\/div>\n<\/div>\n<div class=\"cmsms_column one_first\">\n<\/div>\n<\/div>\n<\/div>\n<\/div>\n<\/div>\n<\/div>","protected":false},"excerpt":{"rendered":"<div class=\"cmsms_text\">\n<p>Formato de isco facilmente reconhecido como fonte de alimento para os roedores, portanto alta atratividade.<\/p>\n<p>O trigo \u00e9 micronizado (tratamento a alta temperatura) o que previne a germina\u00e7\u00e3o e inicia a convers\u00e3o de amidos para a\u00e7\u00facares, adocicando o isco e aumentando a atratividade para os roedores<\/p>\n<div class=\"cmsms_text\" style=\"position: absolute; bottom: 0;\">\n<h5><strong>PT\/DGS adc193\/2019<\/strong><\/h5>\n<\/div>\n<\/div>","protected":false},"featured_media":4997,"template":"","meta":{"_monsterinsights_skip_tracking":false,"_monsterinsights_sitenote_active":false,"_monsterinsights_sitenote_note":"","_monsterinsights_sitenote_category":0},"product_brand":[],"product_cat":[679],"product_tag":[],"class_list":{"0":"post-36897","1":"product","2":"type-product","3":"status-publish","4":"has-post-thumbnail","6":"product_cat-raticidas-domesticos","8":"first","9":"instock","10":"taxable","11":"shipping-taxable","12":"purchasable","13":"product-type-variable"},"yoast_head":"<!-- This site is optimized with the Yoast SEO plugin v27.4 - https:\/\/yoast.com\/product\/yoast-seo-wordpress\/ -->\n<title>Rodex\u00ae - Jovagro<\/title>\n<meta name=\"robots\" content=\"index, follow, max-snippet:-1, max-image-preview:large, max-video-preview:-1\" \/>\n<link rel=\"canonical\" href=\"https:\/\/www.jovagro.pt\/shop\/biocidas\/raticidas-domesticos\/rodex-trigo\/\" \/>\n<meta property=\"og:locale\" content=\"en_GB\" \/>\n<meta property=\"og:type\" content=\"article\" \/>\n<meta property=\"og:title\" content=\"Rodex\u00ae - Jovagro\" \/>\n<meta property=\"og:description\" content=\"Formato de isco facilmente reconhecido como fonte de alimento para os roedores, portanto alta atratividade.  O trigo \u00e9 micronizado (tratamento a alta temperatura) o que previne a germina\u00e7\u00e3o e inicia a convers\u00e3o de amidos para a\u00e7\u00facares, adocicando o isco e aumentando a atratividade para os roedores  PT\/DGS adc193\/2019\" \/>\n<meta property=\"og:url\" content=\"https:\/\/www.jovagro.pt\/shop\/biocidas\/raticidas-domesticos\/rodex-trigo\/\" \/>\n<meta property=\"og:site_name\" content=\"Jovagro\" \/>\n<meta property=\"article:publisher\" content=\"https:\/\/www.facebook.com\/Jovagro\/\" \/>\n<meta property=\"article:modified_time\" content=\"2025-04-08T11:57:40+00:00\" \/>\n<meta property=\"og:image\" content=\"https:\/\/www.jovagro.pt\/wp-content\/uploads\/2020\/06\/Rodex.png\" \/>\n\t<meta property=\"og:image:width\" content=\"626\" \/>\n\t<meta property=\"og:image:height\" content=\"626\" \/>\n\t<meta property=\"og:image:type\" content=\"image\/png\" \/>\n<meta name=\"twitter:card\" content=\"summary_large_image\" \/>\n<meta name=\"twitter:label1\" content=\"Estimated reading time\" \/>\n\t<meta name=\"twitter:data1\" content=\"1 minute\" \/>\n<script type=\"application\/ld+json\" class=\"yoast-schema-graph\">{\"@context\":\"https:\\\/\\\/schema.org\",\"@graph\":[{\"@type\":\"WebPage\",\"@id\":\"https:\\\/\\\/www.jovagro.pt\\\/shop\\\/biocidas\\\/raticidas-domesticos\\\/rodex-trigo\\\/\",\"url\":\"https:\\\/\\\/www.jovagro.pt\\\/shop\\\/biocidas\\\/raticidas-domesticos\\\/rodex-trigo\\\/\",\"name\":\"Rodex\u00ae - Jovagro\",\"isPartOf\":{\"@id\":\"https:\\\/\\\/www.jovagro.pt\\\/#website\"},\"primaryImageOfPage\":{\"@id\":\"https:\\\/\\\/www.jovagro.pt\\\/shop\\\/biocidas\\\/raticidas-domesticos\\\/rodex-trigo\\\/#primaryimage\"},\"image\":{\"@id\":\"https:\\\/\\\/www.jovagro.pt\\\/shop\\\/biocidas\\\/raticidas-domesticos\\\/rodex-trigo\\\/#primaryimage\"},\"thumbnailUrl\":\"https:\\\/\\\/manonunes.pt\\\/wp-content\\\/uploads\\\/2020\\\/06\\\/Rodex.png\",\"datePublished\":\"2023-06-28T09:47:34+00:00\",\"dateModified\":\"2025-04-08T11:57:40+00:00\",\"breadcrumb\":{\"@id\":\"https:\\\/\\\/www.jovagro.pt\\\/shop\\\/biocidas\\\/raticidas-domesticos\\\/rodex-trigo\\\/#breadcrumb\"},\"inLanguage\":\"en-GB\",\"potentialAction\":[{\"@type\":\"ReadAction\",\"target\":[\"https:\\\/\\\/www.jovagro.pt\\\/shop\\\/biocidas\\\/raticidas-domesticos\\\/rodex-trigo\\\/\"]}]},{\"@type\":\"ImageObject\",\"inLanguage\":\"en-GB\",\"@id\":\"https:\\\/\\\/www.jovagro.pt\\\/shop\\\/biocidas\\\/raticidas-domesticos\\\/rodex-trigo\\\/#primaryimage\",\"url\":\"https:\\\/\\\/manonunes.pt\\\/wp-content\\\/uploads\\\/2020\\\/06\\\/Rodex.png\",\"contentUrl\":\"https:\\\/\\\/manonunes.pt\\\/wp-content\\\/uploads\\\/2020\\\/06\\\/Rodex.png\",\"width\":626,\"height\":626},{\"@type\":\"BreadcrumbList\",\"@id\":\"https:\\\/\\\/www.jovagro.pt\\\/shop\\\/biocidas\\\/raticidas-domesticos\\\/rodex-trigo\\\/#breadcrumb\",\"itemListElement\":[{\"@type\":\"ListItem\",\"position\":1,\"name\":\"Home\",\"item\":\"https:\\\/\\\/www.jovagro.pt\\\/\"},{\"@type\":\"ListItem\",\"position\":2,\"name\":\"Loja\",\"item\":\"https:\\\/\\\/www.jovagro.pt\\\/loja\\\/\"},{\"@type\":\"ListItem\",\"position\":3,\"name\":\"Rodex\u00ae\"}]},{\"@type\":\"WebSite\",\"@id\":\"https:\\\/\\\/www.jovagro.pt\\\/#website\",\"url\":\"https:\\\/\\\/www.jovagro.pt\\\/\",\"name\":\"Jovagro\",\"description\":\"Sempre com a Natureza\",\"publisher\":{\"@id\":\"https:\\\/\\\/www.jovagro.pt\\\/#organization\"},\"potentialAction\":[{\"@type\":\"SearchAction\",\"target\":{\"@type\":\"EntryPoint\",\"urlTemplate\":\"https:\\\/\\\/www.jovagro.pt\\\/?s={search_term_string}\"},\"query-input\":{\"@type\":\"PropertyValueSpecification\",\"valueRequired\":true,\"valueName\":\"search_term_string\"}}],\"inLanguage\":\"en-GB\"},{\"@type\":\"Organization\",\"@id\":\"https:\\\/\\\/www.jovagro.pt\\\/#organization\",\"name\":\"Jovagro\",\"url\":\"https:\\\/\\\/www.jovagro.pt\\\/\",\"logo\":{\"@type\":\"ImageObject\",\"inLanguage\":\"en-GB\",\"@id\":\"https:\\\/\\\/www.jovagro.pt\\\/#\\\/schema\\\/logo\\\/image\\\/\",\"url\":\"https:\\\/\\\/jovagro.pt\\\/wp-content\\\/uploads\\\/2019\\\/12\\\/7-01-01-scaled.jpg\",\"contentUrl\":\"https:\\\/\\\/jovagro.pt\\\/wp-content\\\/uploads\\\/2019\\\/12\\\/7-01-01-scaled.jpg\",\"width\":2560,\"height\":893,\"caption\":\"Jovagro\"},\"image\":{\"@id\":\"https:\\\/\\\/www.jovagro.pt\\\/#\\\/schema\\\/logo\\\/image\\\/\"},\"sameAs\":[\"https:\\\/\\\/www.facebook.com\\\/Jovagro\\\/\"]}]}<\/script>\n<!-- \/ Yoast SEO plugin. -->","yoast_head_json":{"title":"Rodex\u00ae - Jovagro","robots":{"index":"index","follow":"follow","max-snippet":"max-snippet:-1","max-image-preview":"max-image-preview:large","max-video-preview":"max-video-preview:-1"},"canonical":"https:\/\/www.jovagro.pt\/shop\/biocidas\/raticidas-domesticos\/rodex-trigo\/","og_locale":"en_GB","og_type":"article","og_title":"Rodex\u00ae - Jovagro","og_description":"Formato de isco facilmente reconhecido como fonte de alimento para os roedores, portanto alta atratividade.  O trigo \u00e9 micronizado (tratamento a alta temperatura) o que previne a germina\u00e7\u00e3o e inicia a convers\u00e3o de amidos para a\u00e7\u00facares, adocicando o isco e aumentando a atratividade para os roedores  PT\/DGS adc193\/2019","og_url":"https:\/\/www.jovagro.pt\/shop\/biocidas\/raticidas-domesticos\/rodex-trigo\/","og_site_name":"Jovagro","article_publisher":"https:\/\/www.facebook.com\/Jovagro\/","article_modified_time":"2025-04-08T11:57:40+00:00","og_image":[{"width":626,"height":626,"url":"https:\/\/www.jovagro.pt\/wp-content\/uploads\/2020\/06\/Rodex.png","type":"image\/png"}],"twitter_card":"summary_large_image","twitter_misc":{"Estimated reading time":"1 minute"},"schema":{"@context":"https:\/\/schema.org","@graph":[{"@type":"WebPage","@id":"https:\/\/www.jovagro.pt\/shop\/biocidas\/raticidas-domesticos\/rodex-trigo\/","url":"https:\/\/www.jovagro.pt\/shop\/biocidas\/raticidas-domesticos\/rodex-trigo\/","name":"Rodex\u00ae - Jovagro","isPartOf":{"@id":"https:\/\/www.jovagro.pt\/#website"},"primaryImageOfPage":{"@id":"https:\/\/www.jovagro.pt\/shop\/biocidas\/raticidas-domesticos\/rodex-trigo\/#primaryimage"},"image":{"@id":"https:\/\/www.jovagro.pt\/shop\/biocidas\/raticidas-domesticos\/rodex-trigo\/#primaryimage"},"thumbnailUrl":"https:\/\/manonunes.pt\/wp-content\/uploads\/2020\/06\/Rodex.png","datePublished":"2023-06-28T09:47:34+00:00","dateModified":"2025-04-08T11:57:40+00:00","breadcrumb":{"@id":"https:\/\/www.jovagro.pt\/shop\/biocidas\/raticidas-domesticos\/rodex-trigo\/#breadcrumb"},"inLanguage":"en-GB","potentialAction":[{"@type":"ReadAction","target":["https:\/\/www.jovagro.pt\/shop\/biocidas\/raticidas-domesticos\/rodex-trigo\/"]}]},{"@type":"ImageObject","inLanguage":"en-GB","@id":"https:\/\/www.jovagro.pt\/shop\/biocidas\/raticidas-domesticos\/rodex-trigo\/#primaryimage","url":"https:\/\/manonunes.pt\/wp-content\/uploads\/2020\/06\/Rodex.png","contentUrl":"https:\/\/manonunes.pt\/wp-content\/uploads\/2020\/06\/Rodex.png","width":626,"height":626},{"@type":"BreadcrumbList","@id":"https:\/\/www.jovagro.pt\/shop\/biocidas\/raticidas-domesticos\/rodex-trigo\/#breadcrumb","itemListElement":[{"@type":"ListItem","position":1,"name":"Home","item":"https:\/\/www.jovagro.pt\/"},{"@type":"ListItem","position":2,"name":"Loja","item":"https:\/\/www.jovagro.pt\/loja\/"},{"@type":"ListItem","position":3,"name":"Rodex\u00ae"}]},{"@type":"WebSite","@id":"https:\/\/www.jovagro.pt\/#website","url":"https:\/\/www.jovagro.pt\/","name":"Jovagro","description":"Sempre com a Natureza","publisher":{"@id":"https:\/\/www.jovagro.pt\/#organization"},"potentialAction":[{"@type":"SearchAction","target":{"@type":"EntryPoint","urlTemplate":"https:\/\/www.jovagro.pt\/?s={search_term_string}"},"query-input":{"@type":"PropertyValueSpecification","valueRequired":true,"valueName":"search_term_string"}}],"inLanguage":"en-GB"},{"@type":"Organization","@id":"https:\/\/www.jovagro.pt\/#organization","name":"Jovagro","url":"https:\/\/www.jovagro.pt\/","logo":{"@type":"ImageObject","inLanguage":"en-GB","@id":"https:\/\/www.jovagro.pt\/#\/schema\/logo\/image\/","url":"https:\/\/jovagro.pt\/wp-content\/uploads\/2019\/12\/7-01-01-scaled.jpg","contentUrl":"https:\/\/jovagro.pt\/wp-content\/uploads\/2019\/12\/7-01-01-scaled.jpg","width":2560,"height":893,"caption":"Jovagro"},"image":{"@id":"https:\/\/www.jovagro.pt\/#\/schema\/logo\/image\/"},"sameAs":["https:\/\/www.facebook.com\/Jovagro\/"]}]}},"_links":{"self":[{"href":"https:\/\/manonunes.pt\/en\/wp-json\/wp\/v2\/product\/36897","targetHints":{"allow":["GET"]}}],"collection":[{"href":"https:\/\/manonunes.pt\/en\/wp-json\/wp\/v2\/product"}],"about":[{"href":"https:\/\/manonunes.pt\/en\/wp-json\/wp\/v2\/types\/product"}],"wp:featuredmedia":[{"embeddable":true,"href":"https:\/\/manonunes.pt\/en\/wp-json\/wp\/v2\/media\/4997"}],"wp:attachment":[{"href":"https:\/\/manonunes.pt\/en\/wp-json\/wp\/v2\/media?parent=36897"}],"wp:term":[{"taxonomy":"product_brand","embeddable":true,"href":"https:\/\/manonunes.pt\/en\/wp-json\/wp\/v2\/product_brand?post=36897"},{"taxonomy":"product_cat","embeddable":true,"href":"https:\/\/manonunes.pt\/en\/wp-json\/wp\/v2\/product_cat?post=36897"},{"taxonomy":"product_tag","embeddable":true,"href":"https:\/\/manonunes.pt\/en\/wp-json\/wp\/v2\/product_tag?post=36897"}],"curies":[{"name":"wp","href":"https:\/\/api.w.org\/{rel}","templated":true}]}}