{"id":36940,"date":"2023-06-29T13:37:23","date_gmt":"2023-06-29T13:37:23","guid":{"rendered":"https:\/\/www.jovagro.pt\/?post_type=product&#038;p=36940"},"modified":"2025-04-08T11:04:48","modified_gmt":"2025-04-08T11:04:48","slug":"100moscas-p","status":"publish","type":"product","link":"https:\/\/manonunes.pt\/en\/shop\/biocidas\/captura-massiva\/100moscas-p\/","title":{"rendered":"100Moscas\u00ae"},"content":{"rendered":"<style type=\"text\/css\"> \n#cmsms_row_69e0dba5be4e1 .cmsms_row_outer_parent { \n\tpadding-top: 0px; \n} \n\n#cmsms_row_69e0dba5be4e1 .cmsms_row_outer_parent { \n\tpadding-bottom: 50px; \n} \n\n<\/style><div id=\"cmsms_row_69e0dba5be4e1\" class=\"cmsms_row cmsms_color_scheme_default\">\n<div class=\"cmsms_row_outer_parent\">\n<div class=\"cmsms_row_outer\">\n<div class=\"cmsms_row_inner\">\n<div class=\"cmsms_row_margin\">\n<div class=\"cmsms_column one_first\">\n<div class=\"custom_html\">\n<table class=\"woocommerce-product-attributes shop_attributes\">\n<tbody>\n<tr class=\"woocommerce-product-attributes-item woocommerce-product-attributes-item--attribute_pa_aplicacao\">\n<th class=\"woocommerce-product-attributes-item__label\"><em>Saccharomyces cerevisiae<\/em> (leveduras)<\/th>\n<td class=\"woocommerce-product-attributes-item__value\">39,9%<\/td>\n<\/tr>\n<tr class=\"woocommerce-product-attributes-item woocommerce-product-attributes-item--attribute_pa_aplicacao\">\n<th class=\"woocommerce-product-attributes-item__label\">Ovo em p\u00f3<\/th>\n<td class=\"woocommerce-product-attributes-item__value\">58,85%<\/td>\n<\/tr>\n<\/tbody>\n<\/table>\n<\/div>\n<\/div>\n<div class=\"cmsms_column one_first\">\n<\/div>\n<\/div>\n<\/div>\n<\/div>\n<\/div>\n<\/div>","protected":false},"excerpt":{"rendered":"<p>Solu\u00e7\u00e3o composta por armadilhas e potente isco que atrai as moscas e evita que escapem. O atrativo do 100 moscas consiste num isco em p\u00f3 composto por leveduras e outros ingredientes autorizados para uso diet\u00e9tico. A fermenta\u00e7\u00e3o deste p\u00f3, atrai as moscas para o interior dos recipientes que formam as armadilhas. As armadilhas, por sua vez, impedem as moscas de escapar, tornado este isco altamente e\ufb01 caz &#8211; reduz 80- 90% das moscas. A sua dura\u00e7\u00e3o (at\u00e9 60 dias) cria uma prote\u00e7\u00e3o duradoura. Este isco \u00e9 livre de inseticidas (n\u00e3o t\u00f3xico), estando por isso autorizado para uso em agricultura biol\u00f3gica.<\/p>\n<p><iframe loading=\"lazy\" title=\"YouTube video player\" src=\"https:\/\/www.youtube.com\/embed\/zuK8e7Y7dKM\" width=\"100%\" height=\"300px\" frameborder=\"0\" allowfullscreen=\"allowfullscreen\"><\/iframe><br \/>\n<iframe loading=\"lazy\" title=\"YouTube video player\" src=\"https:\/\/www.youtube.com\/embed\/rWhyK3c4nwc\" width=\"100%\" height=\"300px\" frameborder=\"0\" allowfullscreen=\"allowfullscreen\"><\/iframe><\/p>\n<div class=\"cmsms_text\">\n<div class=\"cmsms_text\" style=\"position: absolute; bottom: 0;\"><strong>Autoriza\u00e7\u00e3o n. EU-0026700-0000<\/strong><\/div>\n<\/div>","protected":false},"featured_media":36941,"template":"","meta":{"_monsterinsights_skip_tracking":false,"_monsterinsights_sitenote_active":false,"_monsterinsights_sitenote_note":"","_monsterinsights_sitenote_category":0},"product_brand":[],"product_cat":[701],"product_tag":[],"class_list":{"0":"post-36940","1":"product","2":"type-product","3":"status-publish","4":"has-post-thumbnail","6":"product_cat-captura-massiva","8":"first","9":"instock","10":"taxable","11":"shipping-taxable","12":"purchasable","13":"product-type-variable","14":"has-default-attributes"},"yoast_head":"<!-- This site is optimized with the Yoast SEO plugin v27.4 - https:\/\/yoast.com\/product\/yoast-seo-wordpress\/ -->\n<title>100Moscas\u00ae - Jovagro<\/title>\n<meta name=\"robots\" content=\"index, follow, max-snippet:-1, max-image-preview:large, max-video-preview:-1\" \/>\n<link rel=\"canonical\" href=\"https:\/\/manonunes.pt\/en\/shop\/biocidas\/captura-massiva\/100moscas-p\/\" \/>\n<meta property=\"og:locale\" content=\"en_GB\" \/>\n<meta property=\"og:type\" content=\"article\" \/>\n<meta property=\"og:title\" content=\"100Moscas\u00ae - Jovagro\" \/>\n<meta property=\"og:description\" content=\"Solu\u00e7\u00e3o composta por armadilhas e potente isco que atrai as moscas e evita que escapem. O atrativo do 100 moscas consiste num isco em p\u00f3 composto por leveduras e outros ingredientes autorizados para uso diet\u00e9tico. A fermenta\u00e7\u00e3o deste p\u00f3, atrai as moscas para o interior dos recipientes que formam as armadilhas. As armadilhas, por sua vez, impedem as moscas de escapar, tornado este isco altamente e\ufb01 caz - reduz 80- 90% das moscas. A sua dura\u00e7\u00e3o (at\u00e9 60 dias) cria uma prote\u00e7\u00e3o duradoura. Este isco \u00e9 livre de inseticidas (n\u00e3o t\u00f3xico), estando por isso autorizado para uso em agricultura biol\u00f3gica.     Autoriza\u00e7\u00e3o n. EU-0026700-0000\" \/>\n<meta property=\"og:url\" content=\"https:\/\/manonunes.pt\/en\/shop\/biocidas\/captura-massiva\/100moscas-p\/\" \/>\n<meta property=\"og:site_name\" content=\"Jovagro\" \/>\n<meta property=\"article:publisher\" content=\"https:\/\/www.facebook.com\/Jovagro\/\" \/>\n<meta property=\"article:modified_time\" content=\"2025-04-08T11:04:48+00:00\" \/>\n<meta property=\"og:image\" content=\"https:\/\/manonunes.pt\/wp-content\/uploads\/2023\/06\/100Moscas.png\" \/>\n\t<meta property=\"og:image:width\" content=\"626\" \/>\n\t<meta property=\"og:image:height\" content=\"626\" \/>\n\t<meta property=\"og:image:type\" content=\"image\/png\" \/>\n<meta name=\"twitter:card\" content=\"summary_large_image\" \/>\n<meta name=\"twitter:label1\" content=\"Estimated reading time\" \/>\n\t<meta name=\"twitter:data1\" content=\"1 minute\" \/>\n<script type=\"application\/ld+json\" class=\"yoast-schema-graph\">{\"@context\":\"https:\\\/\\\/schema.org\",\"@graph\":[{\"@type\":\"WebPage\",\"@id\":\"https:\\\/\\\/manonunes.pt\\\/shop\\\/biocidas\\\/captura-massiva\\\/100moscas-p\\\/\",\"url\":\"https:\\\/\\\/manonunes.pt\\\/shop\\\/biocidas\\\/captura-massiva\\\/100moscas-p\\\/\",\"name\":\"100Moscas\u00ae - Jovagro\",\"isPartOf\":{\"@id\":\"https:\\\/\\\/www.jovagro.pt\\\/#website\"},\"primaryImageOfPage\":{\"@id\":\"https:\\\/\\\/manonunes.pt\\\/shop\\\/biocidas\\\/captura-massiva\\\/100moscas-p\\\/#primaryimage\"},\"image\":{\"@id\":\"https:\\\/\\\/manonunes.pt\\\/shop\\\/biocidas\\\/captura-massiva\\\/100moscas-p\\\/#primaryimage\"},\"thumbnailUrl\":\"https:\\\/\\\/manonunes.pt\\\/wp-content\\\/uploads\\\/2023\\\/06\\\/100Moscas.png\",\"datePublished\":\"2023-06-29T13:37:23+00:00\",\"dateModified\":\"2025-04-08T11:04:48+00:00\",\"breadcrumb\":{\"@id\":\"https:\\\/\\\/manonunes.pt\\\/shop\\\/biocidas\\\/captura-massiva\\\/100moscas-p\\\/#breadcrumb\"},\"inLanguage\":\"en-GB\",\"potentialAction\":[{\"@type\":\"ReadAction\",\"target\":[\"https:\\\/\\\/manonunes.pt\\\/shop\\\/biocidas\\\/captura-massiva\\\/100moscas-p\\\/\"]}]},{\"@type\":\"ImageObject\",\"inLanguage\":\"en-GB\",\"@id\":\"https:\\\/\\\/manonunes.pt\\\/shop\\\/biocidas\\\/captura-massiva\\\/100moscas-p\\\/#primaryimage\",\"url\":\"https:\\\/\\\/manonunes.pt\\\/wp-content\\\/uploads\\\/2023\\\/06\\\/100Moscas.png\",\"contentUrl\":\"https:\\\/\\\/manonunes.pt\\\/wp-content\\\/uploads\\\/2023\\\/06\\\/100Moscas.png\",\"width\":626,\"height\":626},{\"@type\":\"BreadcrumbList\",\"@id\":\"https:\\\/\\\/manonunes.pt\\\/shop\\\/biocidas\\\/captura-massiva\\\/100moscas-p\\\/#breadcrumb\",\"itemListElement\":[{\"@type\":\"ListItem\",\"position\":1,\"name\":\"Home\",\"item\":\"https:\\\/\\\/www.jovagro.pt\\\/\"},{\"@type\":\"ListItem\",\"position\":2,\"name\":\"Loja\",\"item\":\"https:\\\/\\\/www.jovagro.pt\\\/loja\\\/\"},{\"@type\":\"ListItem\",\"position\":3,\"name\":\"100Moscas\u00ae\"}]},{\"@type\":\"WebSite\",\"@id\":\"https:\\\/\\\/www.jovagro.pt\\\/#website\",\"url\":\"https:\\\/\\\/www.jovagro.pt\\\/\",\"name\":\"Jovagro\",\"description\":\"Sempre com a Natureza\",\"publisher\":{\"@id\":\"https:\\\/\\\/www.jovagro.pt\\\/#organization\"},\"potentialAction\":[{\"@type\":\"SearchAction\",\"target\":{\"@type\":\"EntryPoint\",\"urlTemplate\":\"https:\\\/\\\/www.jovagro.pt\\\/?s={search_term_string}\"},\"query-input\":{\"@type\":\"PropertyValueSpecification\",\"valueRequired\":true,\"valueName\":\"search_term_string\"}}],\"inLanguage\":\"en-GB\"},{\"@type\":\"Organization\",\"@id\":\"https:\\\/\\\/www.jovagro.pt\\\/#organization\",\"name\":\"Jovagro\",\"url\":\"https:\\\/\\\/www.jovagro.pt\\\/\",\"logo\":{\"@type\":\"ImageObject\",\"inLanguage\":\"en-GB\",\"@id\":\"https:\\\/\\\/www.jovagro.pt\\\/#\\\/schema\\\/logo\\\/image\\\/\",\"url\":\"https:\\\/\\\/jovagro.pt\\\/wp-content\\\/uploads\\\/2019\\\/12\\\/7-01-01-scaled.jpg\",\"contentUrl\":\"https:\\\/\\\/jovagro.pt\\\/wp-content\\\/uploads\\\/2019\\\/12\\\/7-01-01-scaled.jpg\",\"width\":2560,\"height\":893,\"caption\":\"Jovagro\"},\"image\":{\"@id\":\"https:\\\/\\\/www.jovagro.pt\\\/#\\\/schema\\\/logo\\\/image\\\/\"},\"sameAs\":[\"https:\\\/\\\/www.facebook.com\\\/Jovagro\\\/\"]}]}<\/script>\n<!-- \/ Yoast SEO plugin. -->","yoast_head_json":{"title":"100Moscas\u00ae - Jovagro","robots":{"index":"index","follow":"follow","max-snippet":"max-snippet:-1","max-image-preview":"max-image-preview:large","max-video-preview":"max-video-preview:-1"},"canonical":"https:\/\/manonunes.pt\/en\/shop\/biocidas\/captura-massiva\/100moscas-p\/","og_locale":"en_GB","og_type":"article","og_title":"100Moscas\u00ae - Jovagro","og_description":"Solu\u00e7\u00e3o composta por armadilhas e potente isco que atrai as moscas e evita que escapem. O atrativo do 100 moscas consiste num isco em p\u00f3 composto por leveduras e outros ingredientes autorizados para uso diet\u00e9tico. A fermenta\u00e7\u00e3o deste p\u00f3, atrai as moscas para o interior dos recipientes que formam as armadilhas. As armadilhas, por sua vez, impedem as moscas de escapar, tornado este isco altamente e\ufb01 caz - reduz 80- 90% das moscas. A sua dura\u00e7\u00e3o (at\u00e9 60 dias) cria uma prote\u00e7\u00e3o duradoura. Este isco \u00e9 livre de inseticidas (n\u00e3o t\u00f3xico), estando por isso autorizado para uso em agricultura biol\u00f3gica.     Autoriza\u00e7\u00e3o n. EU-0026700-0000","og_url":"https:\/\/manonunes.pt\/en\/shop\/biocidas\/captura-massiva\/100moscas-p\/","og_site_name":"Jovagro","article_publisher":"https:\/\/www.facebook.com\/Jovagro\/","article_modified_time":"2025-04-08T11:04:48+00:00","og_image":[{"width":626,"height":626,"url":"https:\/\/manonunes.pt\/wp-content\/uploads\/2023\/06\/100Moscas.png","type":"image\/png"}],"twitter_card":"summary_large_image","twitter_misc":{"Estimated reading time":"1 minute"},"schema":{"@context":"https:\/\/schema.org","@graph":[{"@type":"WebPage","@id":"https:\/\/manonunes.pt\/shop\/biocidas\/captura-massiva\/100moscas-p\/","url":"https:\/\/manonunes.pt\/shop\/biocidas\/captura-massiva\/100moscas-p\/","name":"100Moscas\u00ae - Jovagro","isPartOf":{"@id":"https:\/\/www.jovagro.pt\/#website"},"primaryImageOfPage":{"@id":"https:\/\/manonunes.pt\/shop\/biocidas\/captura-massiva\/100moscas-p\/#primaryimage"},"image":{"@id":"https:\/\/manonunes.pt\/shop\/biocidas\/captura-massiva\/100moscas-p\/#primaryimage"},"thumbnailUrl":"https:\/\/manonunes.pt\/wp-content\/uploads\/2023\/06\/100Moscas.png","datePublished":"2023-06-29T13:37:23+00:00","dateModified":"2025-04-08T11:04:48+00:00","breadcrumb":{"@id":"https:\/\/manonunes.pt\/shop\/biocidas\/captura-massiva\/100moscas-p\/#breadcrumb"},"inLanguage":"en-GB","potentialAction":[{"@type":"ReadAction","target":["https:\/\/manonunes.pt\/shop\/biocidas\/captura-massiva\/100moscas-p\/"]}]},{"@type":"ImageObject","inLanguage":"en-GB","@id":"https:\/\/manonunes.pt\/shop\/biocidas\/captura-massiva\/100moscas-p\/#primaryimage","url":"https:\/\/manonunes.pt\/wp-content\/uploads\/2023\/06\/100Moscas.png","contentUrl":"https:\/\/manonunes.pt\/wp-content\/uploads\/2023\/06\/100Moscas.png","width":626,"height":626},{"@type":"BreadcrumbList","@id":"https:\/\/manonunes.pt\/shop\/biocidas\/captura-massiva\/100moscas-p\/#breadcrumb","itemListElement":[{"@type":"ListItem","position":1,"name":"Home","item":"https:\/\/www.jovagro.pt\/"},{"@type":"ListItem","position":2,"name":"Loja","item":"https:\/\/www.jovagro.pt\/loja\/"},{"@type":"ListItem","position":3,"name":"100Moscas\u00ae"}]},{"@type":"WebSite","@id":"https:\/\/www.jovagro.pt\/#website","url":"https:\/\/www.jovagro.pt\/","name":"Jovagro","description":"Sempre com a Natureza","publisher":{"@id":"https:\/\/www.jovagro.pt\/#organization"},"potentialAction":[{"@type":"SearchAction","target":{"@type":"EntryPoint","urlTemplate":"https:\/\/www.jovagro.pt\/?s={search_term_string}"},"query-input":{"@type":"PropertyValueSpecification","valueRequired":true,"valueName":"search_term_string"}}],"inLanguage":"en-GB"},{"@type":"Organization","@id":"https:\/\/www.jovagro.pt\/#organization","name":"Jovagro","url":"https:\/\/www.jovagro.pt\/","logo":{"@type":"ImageObject","inLanguage":"en-GB","@id":"https:\/\/www.jovagro.pt\/#\/schema\/logo\/image\/","url":"https:\/\/jovagro.pt\/wp-content\/uploads\/2019\/12\/7-01-01-scaled.jpg","contentUrl":"https:\/\/jovagro.pt\/wp-content\/uploads\/2019\/12\/7-01-01-scaled.jpg","width":2560,"height":893,"caption":"Jovagro"},"image":{"@id":"https:\/\/www.jovagro.pt\/#\/schema\/logo\/image\/"},"sameAs":["https:\/\/www.facebook.com\/Jovagro\/"]}]}},"_links":{"self":[{"href":"https:\/\/manonunes.pt\/en\/wp-json\/wp\/v2\/product\/36940","targetHints":{"allow":["GET"]}}],"collection":[{"href":"https:\/\/manonunes.pt\/en\/wp-json\/wp\/v2\/product"}],"about":[{"href":"https:\/\/manonunes.pt\/en\/wp-json\/wp\/v2\/types\/product"}],"wp:featuredmedia":[{"embeddable":true,"href":"https:\/\/manonunes.pt\/en\/wp-json\/wp\/v2\/media\/36941"}],"wp:attachment":[{"href":"https:\/\/manonunes.pt\/en\/wp-json\/wp\/v2\/media?parent=36940"}],"wp:term":[{"taxonomy":"product_brand","embeddable":true,"href":"https:\/\/manonunes.pt\/en\/wp-json\/wp\/v2\/product_brand?post=36940"},{"taxonomy":"product_cat","embeddable":true,"href":"https:\/\/manonunes.pt\/en\/wp-json\/wp\/v2\/product_cat?post=36940"},{"taxonomy":"product_tag","embeddable":true,"href":"https:\/\/manonunes.pt\/en\/wp-json\/wp\/v2\/product_tag?post=36940"}],"curies":[{"name":"wp","href":"https:\/\/api.w.org\/{rel}","templated":true}]}}