{"id":37733,"date":"2023-06-06T14:26:49","date_gmt":"2023-06-06T14:26:49","guid":{"rendered":"https:\/\/www.jovagro.pt\/?post_type=product&#038;p=37733"},"modified":"2025-04-29T11:21:56","modified_gmt":"2025-04-29T11:21:56","slug":"basten","status":"publish","type":"product","link":"https:\/\/manonunes.pt\/en\/shop\/inovabio\/bioprotetores-organicos\/basten\/","title":{"rendered":"Basten\u00ae"},"content":{"rendered":"<style type=\"text\/css\"> \n#cmsms_row_69e389c6e1c83 .cmsms_row_outer_parent { \n\tpadding-top: 0px; \n} \n\n#cmsms_row_69e389c6e1c83 .cmsms_row_outer_parent { \n\tpadding-bottom: 50px; \n} \n\n<\/style><div id=\"cmsms_row_69e389c6e1c83\" class=\"cmsms_row cmsms_color_scheme_default\">\n<div class=\"cmsms_row_outer_parent\">\n<div class=\"cmsms_row_outer\">\n<div class=\"cmsms_row_inner\">\n<div class=\"cmsms_row_margin\">\n<div class=\"cmsms_column one_first\">\n<div class=\"custom_html\">\n<table class=\"woocommerce-product-attributes shop_attributes\">\n<tbody>\n<tr class=\"woocommerce-product-attributes-item woocommerce-product-attributes-item--attribute_pa_aplicacao\">\n<th class=\"woocommerce-product-attributes-item__label\">\u00d3xido de pot\u00e1ssio (K2O) sol\u00favel em \u00e1gua<\/th>\n<td class=\"woocommerce-product-attributes-item__value\">0,6%<\/td>\n<\/tr>\n<tr class=\"woocommerce-product-attributes-item woocommerce-product-attributes-item--attribute_pa_culturas\">\n<th class=\"woocommerce-product-attributes-item__label\">\u00d3xido de magn\u00e9sio (MgO) sol\u00favel em \u00e1gua<\/th>\n<td class=\"woocommerce-product-attributes-item__value\">0,6%<\/td>\n<\/tr>\n<tr class=\"woocommerce-product-attributes-item woocommerce-product-attributes-item--attribute_pa_culturas\">\n<th class=\"woocommerce-product-attributes-item__label\">Mangan\u00eas (Mn) sol\u00favel em \u00e1gua<\/th>\n<td class=\"woocommerce-product-attributes-item__value\">0,8%<\/td>\n<\/tr>\n<\/tbody>\n<\/table>\n<\/div>\n<\/div>\n<div class=\"cmsms_column one_first\">\n<\/div>\n<\/div>\n<\/div>\n<\/div>\n<\/div>\n<\/div>","protected":false},"excerpt":{"rendered":"<p id=\"cmsms_heading_647f47536c596\" class=\"cmsms_heading\"><span style=\"font-size: 16px; color: #808080;\">Basten \u00e9 uma formula\u00e7\u00e3o com triglicer\u00eddeos especiais que possuem alto efeito de tela. Al\u00e9m disso, protegem a epiderme da fruta de situa\u00e7\u00f5es clim\u00e1ticas adversas, criando um ambiente ass\u00e9ptico. Desta forma, consegue-se um ambiente preservativo que evita novos ataques e acelera a cicatriza\u00e7\u00e3o da planta. A formula\u00e7\u00e3o tamb\u00e9m possui propriedades cicatrizantes que permitem ser indicada para tratamentos ap\u00f3s danos causados por chuvas de granizo.<\/span><\/p>\n<p><img loading=\"lazy\" decoding=\"async\" class=\"alignnone size-full wp-image-38351\" src=\"https:\/\/www.jovagro.pt\/wp-content\/uploads\/2023\/06\/approved-by-ecocert-inputs-vector-logo.png\" alt=\"\" width=\"80\" height=\"80\" \/><\/p>\n<div class=\"cmsms_text\">\n<p>&nbsp;<\/p>\n<\/div>\n<div class=\"cmsms_text\" style=\"position: absolute; bottom: 0;\">\n<h5><\/h5>\n<\/div>","protected":false},"featured_media":37854,"template":"","meta":{"_monsterinsights_skip_tracking":false,"_monsterinsights_sitenote_active":false,"_monsterinsights_sitenote_note":"","_monsterinsights_sitenote_category":0},"product_brand":[],"product_cat":[385],"product_tag":[],"class_list":{"0":"post-37733","1":"product","2":"type-product","3":"status-publish","4":"has-post-thumbnail","6":"product_cat-bioprotetores-organicos","8":"first","9":"instock","10":"taxable","11":"shipping-taxable","12":"product-type-variable"},"yoast_head":"<!-- This site is optimized with the Yoast SEO plugin v27.4 - https:\/\/yoast.com\/product\/yoast-seo-wordpress\/ -->\n<title>Basten\u00ae - Jovagro<\/title>\n<meta name=\"robots\" content=\"index, follow, max-snippet:-1, max-image-preview:large, max-video-preview:-1\" \/>\n<link rel=\"canonical\" href=\"https:\/\/jovagro.pt\/shop\/inovabio\/bioprotetores-organicos\/basten\/\" \/>\n<meta property=\"og:locale\" content=\"en_GB\" \/>\n<meta property=\"og:type\" content=\"article\" \/>\n<meta property=\"og:title\" content=\"Basten\u00ae - Jovagro\" \/>\n<meta property=\"og:description\" content=\"Basten \u00e9 uma formula\u00e7\u00e3o com triglicer\u00eddeos especiais que possuem alto efeito de tela. Al\u00e9m disso, protegem a epiderme da fruta de situa\u00e7\u00f5es clim\u00e1ticas adversas, criando um ambiente ass\u00e9ptico. Desta forma, consegue-se um ambiente preservativo que evita novos ataques e acelera a cicatriza\u00e7\u00e3o da planta. A formula\u00e7\u00e3o tamb\u00e9m possui propriedades cicatrizantes que permitem ser indicada para tratamentos ap\u00f3s danos causados por chuvas de granizo.    &nbsp;\" \/>\n<meta property=\"og:url\" content=\"https:\/\/jovagro.pt\/shop\/inovabio\/bioprotetores-organicos\/basten\/\" \/>\n<meta property=\"og:site_name\" content=\"Jovagro\" \/>\n<meta property=\"article:publisher\" content=\"https:\/\/www.facebook.com\/Jovagro\/\" \/>\n<meta property=\"article:modified_time\" content=\"2025-04-29T11:21:56+00:00\" \/>\n<meta property=\"og:image\" content=\"https:\/\/jovagro.pt\/wp-content\/uploads\/2024\/03\/Basten.png\" \/>\n\t<meta property=\"og:image:width\" content=\"626\" \/>\n\t<meta property=\"og:image:height\" content=\"626\" \/>\n\t<meta property=\"og:image:type\" content=\"image\/png\" \/>\n<meta name=\"twitter:card\" content=\"summary_large_image\" \/>\n<meta name=\"twitter:label1\" content=\"Estimated reading time\" \/>\n\t<meta name=\"twitter:data1\" content=\"1 minute\" \/>\n<script type=\"application\/ld+json\" class=\"yoast-schema-graph\">{\"@context\":\"https:\\\/\\\/schema.org\",\"@graph\":[{\"@type\":\"WebPage\",\"@id\":\"https:\\\/\\\/jovagro.pt\\\/shop\\\/inovabio\\\/bioprotetores-organicos\\\/basten\\\/\",\"url\":\"https:\\\/\\\/jovagro.pt\\\/shop\\\/inovabio\\\/bioprotetores-organicos\\\/basten\\\/\",\"name\":\"Basten\u00ae - Jovagro\",\"isPartOf\":{\"@id\":\"https:\\\/\\\/www.jovagro.pt\\\/#website\"},\"primaryImageOfPage\":{\"@id\":\"https:\\\/\\\/jovagro.pt\\\/shop\\\/inovabio\\\/bioprotetores-organicos\\\/basten\\\/#primaryimage\"},\"image\":{\"@id\":\"https:\\\/\\\/jovagro.pt\\\/shop\\\/inovabio\\\/bioprotetores-organicos\\\/basten\\\/#primaryimage\"},\"thumbnailUrl\":\"https:\\\/\\\/manonunes.pt\\\/wp-content\\\/uploads\\\/2024\\\/03\\\/Basten.png\",\"datePublished\":\"2023-06-06T14:26:49+00:00\",\"dateModified\":\"2025-04-29T11:21:56+00:00\",\"breadcrumb\":{\"@id\":\"https:\\\/\\\/jovagro.pt\\\/shop\\\/inovabio\\\/bioprotetores-organicos\\\/basten\\\/#breadcrumb\"},\"inLanguage\":\"en-GB\",\"potentialAction\":[{\"@type\":\"ReadAction\",\"target\":[\"https:\\\/\\\/jovagro.pt\\\/shop\\\/inovabio\\\/bioprotetores-organicos\\\/basten\\\/\"]}]},{\"@type\":\"ImageObject\",\"inLanguage\":\"en-GB\",\"@id\":\"https:\\\/\\\/jovagro.pt\\\/shop\\\/inovabio\\\/bioprotetores-organicos\\\/basten\\\/#primaryimage\",\"url\":\"https:\\\/\\\/manonunes.pt\\\/wp-content\\\/uploads\\\/2024\\\/03\\\/Basten.png\",\"contentUrl\":\"https:\\\/\\\/manonunes.pt\\\/wp-content\\\/uploads\\\/2024\\\/03\\\/Basten.png\",\"width\":626,\"height\":626},{\"@type\":\"BreadcrumbList\",\"@id\":\"https:\\\/\\\/jovagro.pt\\\/shop\\\/inovabio\\\/bioprotetores-organicos\\\/basten\\\/#breadcrumb\",\"itemListElement\":[{\"@type\":\"ListItem\",\"position\":1,\"name\":\"Home\",\"item\":\"https:\\\/\\\/www.jovagro.pt\\\/\"},{\"@type\":\"ListItem\",\"position\":2,\"name\":\"Loja\",\"item\":\"https:\\\/\\\/www.jovagro.pt\\\/loja\\\/\"},{\"@type\":\"ListItem\",\"position\":3,\"name\":\"Basten\u00ae\"}]},{\"@type\":\"WebSite\",\"@id\":\"https:\\\/\\\/www.jovagro.pt\\\/#website\",\"url\":\"https:\\\/\\\/www.jovagro.pt\\\/\",\"name\":\"Jovagro\",\"description\":\"Sempre com a Natureza\",\"publisher\":{\"@id\":\"https:\\\/\\\/www.jovagro.pt\\\/#organization\"},\"potentialAction\":[{\"@type\":\"SearchAction\",\"target\":{\"@type\":\"EntryPoint\",\"urlTemplate\":\"https:\\\/\\\/www.jovagro.pt\\\/?s={search_term_string}\"},\"query-input\":{\"@type\":\"PropertyValueSpecification\",\"valueRequired\":true,\"valueName\":\"search_term_string\"}}],\"inLanguage\":\"en-GB\"},{\"@type\":\"Organization\",\"@id\":\"https:\\\/\\\/www.jovagro.pt\\\/#organization\",\"name\":\"Jovagro\",\"url\":\"https:\\\/\\\/www.jovagro.pt\\\/\",\"logo\":{\"@type\":\"ImageObject\",\"inLanguage\":\"en-GB\",\"@id\":\"https:\\\/\\\/www.jovagro.pt\\\/#\\\/schema\\\/logo\\\/image\\\/\",\"url\":\"https:\\\/\\\/jovagro.pt\\\/wp-content\\\/uploads\\\/2019\\\/12\\\/7-01-01-scaled.jpg\",\"contentUrl\":\"https:\\\/\\\/jovagro.pt\\\/wp-content\\\/uploads\\\/2019\\\/12\\\/7-01-01-scaled.jpg\",\"width\":2560,\"height\":893,\"caption\":\"Jovagro\"},\"image\":{\"@id\":\"https:\\\/\\\/www.jovagro.pt\\\/#\\\/schema\\\/logo\\\/image\\\/\"},\"sameAs\":[\"https:\\\/\\\/www.facebook.com\\\/Jovagro\\\/\"]}]}<\/script>\n<!-- \/ Yoast SEO plugin. -->","yoast_head_json":{"title":"Basten\u00ae - Jovagro","robots":{"index":"index","follow":"follow","max-snippet":"max-snippet:-1","max-image-preview":"max-image-preview:large","max-video-preview":"max-video-preview:-1"},"canonical":"https:\/\/jovagro.pt\/shop\/inovabio\/bioprotetores-organicos\/basten\/","og_locale":"en_GB","og_type":"article","og_title":"Basten\u00ae - Jovagro","og_description":"Basten \u00e9 uma formula\u00e7\u00e3o com triglicer\u00eddeos especiais que possuem alto efeito de tela. Al\u00e9m disso, protegem a epiderme da fruta de situa\u00e7\u00f5es clim\u00e1ticas adversas, criando um ambiente ass\u00e9ptico. Desta forma, consegue-se um ambiente preservativo que evita novos ataques e acelera a cicatriza\u00e7\u00e3o da planta. A formula\u00e7\u00e3o tamb\u00e9m possui propriedades cicatrizantes que permitem ser indicada para tratamentos ap\u00f3s danos causados por chuvas de granizo.    &nbsp;","og_url":"https:\/\/jovagro.pt\/shop\/inovabio\/bioprotetores-organicos\/basten\/","og_site_name":"Jovagro","article_publisher":"https:\/\/www.facebook.com\/Jovagro\/","article_modified_time":"2025-04-29T11:21:56+00:00","og_image":[{"width":626,"height":626,"url":"https:\/\/jovagro.pt\/wp-content\/uploads\/2024\/03\/Basten.png","type":"image\/png"}],"twitter_card":"summary_large_image","twitter_misc":{"Estimated reading time":"1 minute"},"schema":{"@context":"https:\/\/schema.org","@graph":[{"@type":"WebPage","@id":"https:\/\/jovagro.pt\/shop\/inovabio\/bioprotetores-organicos\/basten\/","url":"https:\/\/jovagro.pt\/shop\/inovabio\/bioprotetores-organicos\/basten\/","name":"Basten\u00ae - Jovagro","isPartOf":{"@id":"https:\/\/www.jovagro.pt\/#website"},"primaryImageOfPage":{"@id":"https:\/\/jovagro.pt\/shop\/inovabio\/bioprotetores-organicos\/basten\/#primaryimage"},"image":{"@id":"https:\/\/jovagro.pt\/shop\/inovabio\/bioprotetores-organicos\/basten\/#primaryimage"},"thumbnailUrl":"https:\/\/manonunes.pt\/wp-content\/uploads\/2024\/03\/Basten.png","datePublished":"2023-06-06T14:26:49+00:00","dateModified":"2025-04-29T11:21:56+00:00","breadcrumb":{"@id":"https:\/\/jovagro.pt\/shop\/inovabio\/bioprotetores-organicos\/basten\/#breadcrumb"},"inLanguage":"en-GB","potentialAction":[{"@type":"ReadAction","target":["https:\/\/jovagro.pt\/shop\/inovabio\/bioprotetores-organicos\/basten\/"]}]},{"@type":"ImageObject","inLanguage":"en-GB","@id":"https:\/\/jovagro.pt\/shop\/inovabio\/bioprotetores-organicos\/basten\/#primaryimage","url":"https:\/\/manonunes.pt\/wp-content\/uploads\/2024\/03\/Basten.png","contentUrl":"https:\/\/manonunes.pt\/wp-content\/uploads\/2024\/03\/Basten.png","width":626,"height":626},{"@type":"BreadcrumbList","@id":"https:\/\/jovagro.pt\/shop\/inovabio\/bioprotetores-organicos\/basten\/#breadcrumb","itemListElement":[{"@type":"ListItem","position":1,"name":"Home","item":"https:\/\/www.jovagro.pt\/"},{"@type":"ListItem","position":2,"name":"Loja","item":"https:\/\/www.jovagro.pt\/loja\/"},{"@type":"ListItem","position":3,"name":"Basten\u00ae"}]},{"@type":"WebSite","@id":"https:\/\/www.jovagro.pt\/#website","url":"https:\/\/www.jovagro.pt\/","name":"Jovagro","description":"Sempre com a Natureza","publisher":{"@id":"https:\/\/www.jovagro.pt\/#organization"},"potentialAction":[{"@type":"SearchAction","target":{"@type":"EntryPoint","urlTemplate":"https:\/\/www.jovagro.pt\/?s={search_term_string}"},"query-input":{"@type":"PropertyValueSpecification","valueRequired":true,"valueName":"search_term_string"}}],"inLanguage":"en-GB"},{"@type":"Organization","@id":"https:\/\/www.jovagro.pt\/#organization","name":"Jovagro","url":"https:\/\/www.jovagro.pt\/","logo":{"@type":"ImageObject","inLanguage":"en-GB","@id":"https:\/\/www.jovagro.pt\/#\/schema\/logo\/image\/","url":"https:\/\/jovagro.pt\/wp-content\/uploads\/2019\/12\/7-01-01-scaled.jpg","contentUrl":"https:\/\/jovagro.pt\/wp-content\/uploads\/2019\/12\/7-01-01-scaled.jpg","width":2560,"height":893,"caption":"Jovagro"},"image":{"@id":"https:\/\/www.jovagro.pt\/#\/schema\/logo\/image\/"},"sameAs":["https:\/\/www.facebook.com\/Jovagro\/"]}]}},"_links":{"self":[{"href":"https:\/\/manonunes.pt\/en\/wp-json\/wp\/v2\/product\/37733","targetHints":{"allow":["GET"]}}],"collection":[{"href":"https:\/\/manonunes.pt\/en\/wp-json\/wp\/v2\/product"}],"about":[{"href":"https:\/\/manonunes.pt\/en\/wp-json\/wp\/v2\/types\/product"}],"wp:featuredmedia":[{"embeddable":true,"href":"https:\/\/manonunes.pt\/en\/wp-json\/wp\/v2\/media\/37854"}],"wp:attachment":[{"href":"https:\/\/manonunes.pt\/en\/wp-json\/wp\/v2\/media?parent=37733"}],"wp:term":[{"taxonomy":"product_brand","embeddable":true,"href":"https:\/\/manonunes.pt\/en\/wp-json\/wp\/v2\/product_brand?post=37733"},{"taxonomy":"product_cat","embeddable":true,"href":"https:\/\/manonunes.pt\/en\/wp-json\/wp\/v2\/product_cat?post=37733"},{"taxonomy":"product_tag","embeddable":true,"href":"https:\/\/manonunes.pt\/en\/wp-json\/wp\/v2\/product_tag?post=37733"}],"curies":[{"name":"wp","href":"https:\/\/api.w.org\/{rel}","templated":true}]}}