{"id":38161,"date":"2025-04-01T11:15:15","date_gmt":"2025-04-01T11:15:15","guid":{"rendered":"https:\/\/www.jovagro.pt\/?post_type=product&#038;p=38161"},"modified":"2025-04-08T11:00:13","modified_gmt":"2025-04-08T11:00:13","slug":"poinseto","status":"publish","type":"product","link":"https:\/\/manonunes.pt\/en\/shop\/biocidas\/inseticidas-domesticos\/poinseto\/","title":{"rendered":"P\u00f3inseto\u00ae"},"content":{"rendered":"<style type=\"text\/css\"> \n#cmsms_row_69e016382c557 .cmsms_row_outer_parent { \n\tpadding-top: 0px; \n} \n\n#cmsms_row_69e016382c557 .cmsms_row_outer_parent { \n\tpadding-bottom: 50px; \n} \n\n<\/style><div id=\"cmsms_row_69e016382c557\" class=\"cmsms_row cmsms_color_scheme_default\">\n<div class=\"cmsms_row_outer_parent\">\n<div class=\"cmsms_row_outer\">\n<div class=\"cmsms_row_inner\">\n<div class=\"cmsms_row_margin\">\n<div class=\"cmsms_column one_first\">\n<div class=\"custom_html\">\n<table class=\"woocommerce-product-attributes shop_attributes\">\n<tbody>\n<tr class=\"woocommerce-product-attributes-item woocommerce-product-attributes-item--attribute_pa_aplicacao\">\n<th class=\"woocommerce-product-attributes-item__label\">Composition<\/th>\n<td class=\"woocommerce-product-attributes-item__value\">Permetrina<\/td>\n<\/tr>\n<\/tbody>\n<\/table>\n<\/div>\n<\/div>\n<\/div>\n<\/div>\n<\/div>\n<\/div>\n<\/div>","protected":false},"excerpt":{"rendered":"<p>P\u00f3inseto atua sem contato direto com animais. A terra diatom\u00e1cea age como desregulador mec\u00e2nico e a piretrina ataca o sistema nervoso. A combina\u00e7\u00e3o dos dois modos de a\u00e7\u00e3o garantem ao produto um efeito duradouro de at\u00e9 3 meses.<\/p>","protected":false},"featured_media":38170,"template":"","meta":{"_monsterinsights_skip_tracking":false,"_monsterinsights_sitenote_active":false,"_monsterinsights_sitenote_note":"","_monsterinsights_sitenote_category":0},"product_brand":[],"product_cat":[678,692],"product_tag":[],"class_list":{"0":"post-38161","1":"product","2":"type-product","3":"status-publish","4":"has-post-thumbnail","6":"product_cat-biocidas","7":"product_cat-inseticidas-domesticos","9":"first","10":"instock","11":"taxable","12":"shipping-taxable","13":"purchasable","14":"product-type-variable"},"yoast_head":"<!-- This site is optimized with the Yoast SEO plugin v27.4 - https:\/\/yoast.com\/product\/yoast-seo-wordpress\/ -->\n<title>P\u00f3inseto\u00ae - Jovagro<\/title>\n<meta name=\"robots\" content=\"index, follow, max-snippet:-1, max-image-preview:large, max-video-preview:-1\" \/>\n<link rel=\"canonical\" href=\"https:\/\/www.jovagro.pt\/shop\/biocidas\/inseticidas-domesticos\/poinseto\/\" \/>\n<meta property=\"og:locale\" content=\"en_GB\" \/>\n<meta property=\"og:type\" content=\"article\" \/>\n<meta property=\"og:title\" content=\"P\u00f3inseto\u00ae - Jovagro\" \/>\n<meta property=\"og:description\" content=\"P\u00f3inseto atua sem contato direto com animais. A terra diatom\u00e1cea age como desregulador mec\u00e2nico e a piretrina ataca o sistema nervoso. A combina\u00e7\u00e3o dos dois modos de a\u00e7\u00e3o garantem ao produto um efeito duradouro de at\u00e9 3 meses.\" \/>\n<meta property=\"og:url\" content=\"https:\/\/www.jovagro.pt\/shop\/biocidas\/inseticidas-domesticos\/poinseto\/\" \/>\n<meta property=\"og:site_name\" content=\"Jovagro\" \/>\n<meta property=\"article:publisher\" content=\"https:\/\/www.facebook.com\/Jovagro\/\" \/>\n<meta property=\"article:modified_time\" content=\"2025-04-08T11:00:13+00:00\" \/>\n<meta property=\"og:image\" content=\"https:\/\/www.jovagro.pt\/wp-content\/uploads\/2025\/04\/POINSETO_PRODUTO-1.png\" \/>\n\t<meta property=\"og:image:width\" content=\"626\" \/>\n\t<meta property=\"og:image:height\" content=\"626\" \/>\n\t<meta property=\"og:image:type\" content=\"image\/png\" \/>\n<meta name=\"twitter:card\" content=\"summary_large_image\" \/>\n<meta name=\"twitter:label1\" content=\"Estimated reading time\" \/>\n\t<meta name=\"twitter:data1\" content=\"1 minute\" \/>\n<script type=\"application\/ld+json\" class=\"yoast-schema-graph\">{\"@context\":\"https:\\\/\\\/schema.org\",\"@graph\":[{\"@type\":\"WebPage\",\"@id\":\"https:\\\/\\\/www.jovagro.pt\\\/shop\\\/biocidas\\\/inseticidas-domesticos\\\/poinseto\\\/\",\"url\":\"https:\\\/\\\/www.jovagro.pt\\\/shop\\\/biocidas\\\/inseticidas-domesticos\\\/poinseto\\\/\",\"name\":\"P\u00f3inseto\u00ae - Jovagro\",\"isPartOf\":{\"@id\":\"https:\\\/\\\/www.jovagro.pt\\\/#website\"},\"primaryImageOfPage\":{\"@id\":\"https:\\\/\\\/www.jovagro.pt\\\/shop\\\/biocidas\\\/inseticidas-domesticos\\\/poinseto\\\/#primaryimage\"},\"image\":{\"@id\":\"https:\\\/\\\/www.jovagro.pt\\\/shop\\\/biocidas\\\/inseticidas-domesticos\\\/poinseto\\\/#primaryimage\"},\"thumbnailUrl\":\"https:\\\/\\\/manonunes.pt\\\/wp-content\\\/uploads\\\/2025\\\/04\\\/POINSETO_PRODUTO-1.png\",\"datePublished\":\"2025-04-01T11:15:15+00:00\",\"dateModified\":\"2025-04-08T11:00:13+00:00\",\"breadcrumb\":{\"@id\":\"https:\\\/\\\/www.jovagro.pt\\\/shop\\\/biocidas\\\/inseticidas-domesticos\\\/poinseto\\\/#breadcrumb\"},\"inLanguage\":\"en-GB\",\"potentialAction\":[{\"@type\":\"ReadAction\",\"target\":[\"https:\\\/\\\/www.jovagro.pt\\\/shop\\\/biocidas\\\/inseticidas-domesticos\\\/poinseto\\\/\"]}]},{\"@type\":\"ImageObject\",\"inLanguage\":\"en-GB\",\"@id\":\"https:\\\/\\\/www.jovagro.pt\\\/shop\\\/biocidas\\\/inseticidas-domesticos\\\/poinseto\\\/#primaryimage\",\"url\":\"https:\\\/\\\/manonunes.pt\\\/wp-content\\\/uploads\\\/2025\\\/04\\\/POINSETO_PRODUTO-1.png\",\"contentUrl\":\"https:\\\/\\\/manonunes.pt\\\/wp-content\\\/uploads\\\/2025\\\/04\\\/POINSETO_PRODUTO-1.png\",\"width\":626,\"height\":626},{\"@type\":\"BreadcrumbList\",\"@id\":\"https:\\\/\\\/www.jovagro.pt\\\/shop\\\/biocidas\\\/inseticidas-domesticos\\\/poinseto\\\/#breadcrumb\",\"itemListElement\":[{\"@type\":\"ListItem\",\"position\":1,\"name\":\"Home\",\"item\":\"https:\\\/\\\/www.jovagro.pt\\\/\"},{\"@type\":\"ListItem\",\"position\":2,\"name\":\"Loja\",\"item\":\"https:\\\/\\\/www.jovagro.pt\\\/loja\\\/\"},{\"@type\":\"ListItem\",\"position\":3,\"name\":\"P\u00f3inseto\u00ae\"}]},{\"@type\":\"WebSite\",\"@id\":\"https:\\\/\\\/www.jovagro.pt\\\/#website\",\"url\":\"https:\\\/\\\/www.jovagro.pt\\\/\",\"name\":\"Jovagro\",\"description\":\"Sempre com a Natureza\",\"publisher\":{\"@id\":\"https:\\\/\\\/www.jovagro.pt\\\/#organization\"},\"potentialAction\":[{\"@type\":\"SearchAction\",\"target\":{\"@type\":\"EntryPoint\",\"urlTemplate\":\"https:\\\/\\\/www.jovagro.pt\\\/?s={search_term_string}\"},\"query-input\":{\"@type\":\"PropertyValueSpecification\",\"valueRequired\":true,\"valueName\":\"search_term_string\"}}],\"inLanguage\":\"en-GB\"},{\"@type\":\"Organization\",\"@id\":\"https:\\\/\\\/www.jovagro.pt\\\/#organization\",\"name\":\"Jovagro\",\"url\":\"https:\\\/\\\/www.jovagro.pt\\\/\",\"logo\":{\"@type\":\"ImageObject\",\"inLanguage\":\"en-GB\",\"@id\":\"https:\\\/\\\/www.jovagro.pt\\\/#\\\/schema\\\/logo\\\/image\\\/\",\"url\":\"https:\\\/\\\/jovagro.pt\\\/wp-content\\\/uploads\\\/2019\\\/12\\\/7-01-01-scaled.jpg\",\"contentUrl\":\"https:\\\/\\\/jovagro.pt\\\/wp-content\\\/uploads\\\/2019\\\/12\\\/7-01-01-scaled.jpg\",\"width\":2560,\"height\":893,\"caption\":\"Jovagro\"},\"image\":{\"@id\":\"https:\\\/\\\/www.jovagro.pt\\\/#\\\/schema\\\/logo\\\/image\\\/\"},\"sameAs\":[\"https:\\\/\\\/www.facebook.com\\\/Jovagro\\\/\"]}]}<\/script>\n<!-- \/ Yoast SEO plugin. -->","yoast_head_json":{"title":"P\u00f3inseto\u00ae - Jovagro","robots":{"index":"index","follow":"follow","max-snippet":"max-snippet:-1","max-image-preview":"max-image-preview:large","max-video-preview":"max-video-preview:-1"},"canonical":"https:\/\/www.jovagro.pt\/shop\/biocidas\/inseticidas-domesticos\/poinseto\/","og_locale":"en_GB","og_type":"article","og_title":"P\u00f3inseto\u00ae - Jovagro","og_description":"P\u00f3inseto atua sem contato direto com animais. A terra diatom\u00e1cea age como desregulador mec\u00e2nico e a piretrina ataca o sistema nervoso. A combina\u00e7\u00e3o dos dois modos de a\u00e7\u00e3o garantem ao produto um efeito duradouro de at\u00e9 3 meses.","og_url":"https:\/\/www.jovagro.pt\/shop\/biocidas\/inseticidas-domesticos\/poinseto\/","og_site_name":"Jovagro","article_publisher":"https:\/\/www.facebook.com\/Jovagro\/","article_modified_time":"2025-04-08T11:00:13+00:00","og_image":[{"width":626,"height":626,"url":"https:\/\/www.jovagro.pt\/wp-content\/uploads\/2025\/04\/POINSETO_PRODUTO-1.png","type":"image\/png"}],"twitter_card":"summary_large_image","twitter_misc":{"Estimated reading time":"1 minute"},"schema":{"@context":"https:\/\/schema.org","@graph":[{"@type":"WebPage","@id":"https:\/\/www.jovagro.pt\/shop\/biocidas\/inseticidas-domesticos\/poinseto\/","url":"https:\/\/www.jovagro.pt\/shop\/biocidas\/inseticidas-domesticos\/poinseto\/","name":"P\u00f3inseto\u00ae - Jovagro","isPartOf":{"@id":"https:\/\/www.jovagro.pt\/#website"},"primaryImageOfPage":{"@id":"https:\/\/www.jovagro.pt\/shop\/biocidas\/inseticidas-domesticos\/poinseto\/#primaryimage"},"image":{"@id":"https:\/\/www.jovagro.pt\/shop\/biocidas\/inseticidas-domesticos\/poinseto\/#primaryimage"},"thumbnailUrl":"https:\/\/manonunes.pt\/wp-content\/uploads\/2025\/04\/POINSETO_PRODUTO-1.png","datePublished":"2025-04-01T11:15:15+00:00","dateModified":"2025-04-08T11:00:13+00:00","breadcrumb":{"@id":"https:\/\/www.jovagro.pt\/shop\/biocidas\/inseticidas-domesticos\/poinseto\/#breadcrumb"},"inLanguage":"en-GB","potentialAction":[{"@type":"ReadAction","target":["https:\/\/www.jovagro.pt\/shop\/biocidas\/inseticidas-domesticos\/poinseto\/"]}]},{"@type":"ImageObject","inLanguage":"en-GB","@id":"https:\/\/www.jovagro.pt\/shop\/biocidas\/inseticidas-domesticos\/poinseto\/#primaryimage","url":"https:\/\/manonunes.pt\/wp-content\/uploads\/2025\/04\/POINSETO_PRODUTO-1.png","contentUrl":"https:\/\/manonunes.pt\/wp-content\/uploads\/2025\/04\/POINSETO_PRODUTO-1.png","width":626,"height":626},{"@type":"BreadcrumbList","@id":"https:\/\/www.jovagro.pt\/shop\/biocidas\/inseticidas-domesticos\/poinseto\/#breadcrumb","itemListElement":[{"@type":"ListItem","position":1,"name":"Home","item":"https:\/\/www.jovagro.pt\/"},{"@type":"ListItem","position":2,"name":"Loja","item":"https:\/\/www.jovagro.pt\/loja\/"},{"@type":"ListItem","position":3,"name":"P\u00f3inseto\u00ae"}]},{"@type":"WebSite","@id":"https:\/\/www.jovagro.pt\/#website","url":"https:\/\/www.jovagro.pt\/","name":"Jovagro","description":"Sempre com a Natureza","publisher":{"@id":"https:\/\/www.jovagro.pt\/#organization"},"potentialAction":[{"@type":"SearchAction","target":{"@type":"EntryPoint","urlTemplate":"https:\/\/www.jovagro.pt\/?s={search_term_string}"},"query-input":{"@type":"PropertyValueSpecification","valueRequired":true,"valueName":"search_term_string"}}],"inLanguage":"en-GB"},{"@type":"Organization","@id":"https:\/\/www.jovagro.pt\/#organization","name":"Jovagro","url":"https:\/\/www.jovagro.pt\/","logo":{"@type":"ImageObject","inLanguage":"en-GB","@id":"https:\/\/www.jovagro.pt\/#\/schema\/logo\/image\/","url":"https:\/\/jovagro.pt\/wp-content\/uploads\/2019\/12\/7-01-01-scaled.jpg","contentUrl":"https:\/\/jovagro.pt\/wp-content\/uploads\/2019\/12\/7-01-01-scaled.jpg","width":2560,"height":893,"caption":"Jovagro"},"image":{"@id":"https:\/\/www.jovagro.pt\/#\/schema\/logo\/image\/"},"sameAs":["https:\/\/www.facebook.com\/Jovagro\/"]}]}},"_links":{"self":[{"href":"https:\/\/manonunes.pt\/en\/wp-json\/wp\/v2\/product\/38161","targetHints":{"allow":["GET"]}}],"collection":[{"href":"https:\/\/manonunes.pt\/en\/wp-json\/wp\/v2\/product"}],"about":[{"href":"https:\/\/manonunes.pt\/en\/wp-json\/wp\/v2\/types\/product"}],"wp:featuredmedia":[{"embeddable":true,"href":"https:\/\/manonunes.pt\/en\/wp-json\/wp\/v2\/media\/38170"}],"wp:attachment":[{"href":"https:\/\/manonunes.pt\/en\/wp-json\/wp\/v2\/media?parent=38161"}],"wp:term":[{"taxonomy":"product_brand","embeddable":true,"href":"https:\/\/manonunes.pt\/en\/wp-json\/wp\/v2\/product_brand?post=38161"},{"taxonomy":"product_cat","embeddable":true,"href":"https:\/\/manonunes.pt\/en\/wp-json\/wp\/v2\/product_cat?post=38161"},{"taxonomy":"product_tag","embeddable":true,"href":"https:\/\/manonunes.pt\/en\/wp-json\/wp\/v2\/product_tag?post=38161"}],"curies":[{"name":"wp","href":"https:\/\/api.w.org\/{rel}","templated":true}]}}